{"id":51,"date":"2020-07-06T16:37:23","date_gmt":"2020-07-06T16:37:23","guid":{"rendered":"http:\/\/nikolauschor.de\/?page_id=51"},"modified":"2020-07-06T16:37:23","modified_gmt":"2020-07-06T16:37:23","slug":"kontakt-impressum","status":"publish","type":"page","link":"https:\/\/nikolauschor.de\/?page_id=51","title":{"rendered":"Kontakt \/ Impressum"},"content":{"rendered":"\n<figure class=\"wp-block-image size-large\"><img loading=\"lazy\" decoding=\"async\" width=\"1024\" height=\"576\" src=\"https:\/\/nikolauschor.de\/wp-content\/uploads\/2020\/07\/20190427_115517-1024x576.jpg\" alt=\"\" class=\"wp-image-53\" srcset=\"https:\/\/nikolauschor.de\/wp-content\/uploads\/2020\/07\/20190427_115517-1024x576.jpg 1024w, https:\/\/nikolauschor.de\/wp-content\/uploads\/2020\/07\/20190427_115517-300x169.jpg 300w, https:\/\/nikolauschor.de\/wp-content\/uploads\/2020\/07\/20190427_115517-768x432.jpg 768w, https:\/\/nikolauschor.de\/wp-content\/uploads\/2020\/07\/20190427_115517-1536x864.jpg 1536w, https:\/\/nikolauschor.de\/wp-content\/uploads\/2020\/07\/20190427_115517-2048x1152.jpg 2048w\" sizes=\"auto, (max-width: 706px) 89vw, (max-width: 767px) 82vw, 740px\" \/><\/figure>\n\n\n\n<p>Ihr Feedback ist unersetzlich f\u00fcr die Arbeit von unserem Chor. Wenn Sie Fragen oder Kommentare haben, wenden Sie sich bitte an eine der unten genannte Stelle.<\/p>\n\n\n\n<h4 class=\"wp-block-heading\">Datenschutz:<\/h4>\n\n\n\n<p>jeder Zugriff auf unsere Homepage und jeder Abruf einer auf der Homepage hinterlegten Datei werden protokolliert. Die Speicherung dient internen systembezogenen und statistischen Zwecken. Protokolliert werden: Name der abgerufenen Datei, Datum und Uhrzeit des Abrufs, \u00fcbertragene Datenmenge, Meldung \u00fcber erfolgreichen Abruf, Webbrowser und anfragende Domain. Zus\u00e4tzlich werden die IP Adressen der anfragenden Rechner protokolliert. Weitergehende personenbezogene Daten werden nur erfasst, wenn Sie diese Angaben freiwillig, etwa im Rahmen einer Anfrage, Bestellung des Newsletters oder der Registrierung machen.<\/p>\n\n\n\n<h4 class=\"wp-block-heading\">&nbsp;<\/h4>\n\n\n\n<h4 class=\"wp-block-heading\">Impressum:<\/h4>\n\n\n\n<h4 class=\"wp-block-heading\"><br>Nikolaus-Chor Weingarten<br><br>Anja R\u00f6der<br>Kolpingstr. 21<br>88250 Weingarten<br>Deutschland<br>0751 569 57 58<br><a href=\"mailto:webmaster@nikolauschor.de\">webmaster@nikolauschor.de<\/a><\/h4>\n\n\n\n<h4 class=\"wp-block-heading\">Diese Daten werden nicht Dritten zug\u00e4nglich gemacht<\/h4>\n\n\n\n<p>Die L\u00f6schung der gespeicherten personenbezogenen Daten erfolgt, wenn Sie Ihre Einwilligung zur Speicherung widerrufen, wenn ihre Kenntnis zur Erf\u00fcllung des mit der Speicherung verfolgten Zwecks nicht mehr erforderlich ist oder wenn ihre Speicherung aus sonstigen gesetzlichen Gr\u00fcnden unzul\u00e4ssig ist. Auf schriftliche Anfrage werden wir Sie nat\u00fcrlich \u00fcber die zu Ihrer Person gespeicherten Daten informieren.<br><br><strong>Haftung:<\/strong><br>Die Inhalte dieses Projektes wurden sorgf\u00e4ltig gepr\u00fcft und nach bestem Wissen erstellt. Aber f\u00fcr die hier dargebotenen Informationen wird kein Anspruch auf Vollst\u00e4ndigkeit, Aktualit\u00e4t, Qualit\u00e4t und Richtigkeit erhoben. Es kann keine Verantwortung f\u00fcr Sch\u00e4den \u00fcbernommen werden, die durch das Vertrauen auf die Inhalte dieser Website oder deren Gebrauch entstehen.<\/p>\n","protected":false},"excerpt":{"rendered":"<p>Ihr Feedback ist unersetzlich f\u00fcr die Arbeit von unserem Chor. Wenn Sie Fragen oder Kommentare haben, wenden Sie sich bitte an eine der unten genannte Stelle. Datenschutz: jeder Zugriff auf unsere Homepage und jeder Abruf einer auf der Homepage hinterlegten Datei werden protokolliert. Die Speicherung dient internen systembezogenen und statistischen Zwecken. Protokolliert werden: Name der &hellip; <\/p>\n<p class=\"link-more\"><a href=\"https:\/\/nikolauschor.de\/?page_id=51\" class=\"more-link\"><span class=\"screen-reader-text\">\u201eKontakt \/ Impressum\u201c<\/span> weiterlesen<\/a><\/p>\n","protected":false},"author":1,"featured_media":0,"parent":0,"menu_order":0,"comment_status":"closed","ping_status":"closed","template":"","meta":{"footnotes":""},"class_list":["post-51","page","type-page","status-publish","hentry"],"_links":{"self":[{"href":"https:\/\/nikolauschor.de\/index.php?rest_route=\/wp\/v2\/pages\/51","targetHints":{"allow":["GET"]}}],"collection":[{"href":"https:\/\/nikolauschor.de\/index.php?rest_route=\/wp\/v2\/pages"}],"about":[{"href":"https:\/\/nikolauschor.de\/index.php?rest_route=\/wp\/v2\/types\/page"}],"author":[{"embeddable":true,"href":"https:\/\/nikolauschor.de\/index.php?rest_route=\/wp\/v2\/users\/1"}],"replies":[{"embeddable":true,"href":"https:\/\/nikolauschor.de\/index.php?rest_route=%2Fwp%2Fv2%2Fcomments&post=51"}],"version-history":[{"count":2,"href":"https:\/\/nikolauschor.de\/index.php?rest_route=\/wp\/v2\/pages\/51\/revisions"}],"predecessor-version":[{"id":54,"href":"https:\/\/nikolauschor.de\/index.php?rest_route=\/wp\/v2\/pages\/51\/revisions\/54"}],"wp:attachment":[{"href":"https:\/\/nikolauschor.de\/index.php?rest_route=%2Fwp%2Fv2%2Fmedia&parent=51"}],"curies":[{"name":"wp","href":"https:\/\/api.w.org\/{rel}","templated":true}]}}