{"id":4,"date":"2020-06-25T14:08:30","date_gmt":"2020-06-25T14:08:30","guid":{"rendered":"http:\/\/nikolauschor.de\/?page_id=4"},"modified":"2026-04-29T17:23:14","modified_gmt":"2026-04-29T17:23:14","slug":"termine","status":"publish","type":"page","link":"https:\/\/nikolauschor.de\/?page_id=4","title":{"rendered":"Termine"},"content":{"rendered":"\n<h2 class=\"wp-block-heading\">wer \/ wann \/ wo<\/h2>\n\n\n\n<figure class=\"wp-block-table is-style-stripes\"><table><thead><tr><th>Datum<\/th><th>Uhrzeit<\/th><th>Ort<\/th><th>Art<\/th><\/tr><\/thead><tbody><tr><td>17.01.2026<\/td><td>18:00Uhr<\/td><td>St. Sebastian Augsburg<\/td><td>G\u00f6ttliche Liturgie<\/td><\/tr><tr><td>21.02.2026<\/td><td>10:00Uhr<\/td><td>St. Sebastian Augsburg<\/td><td>G\u00f6ttliche Liturgie<\/td><\/tr><tr><td>21.03.2026<\/td><td>10:00Uhr<\/td><td>St. Sebastian Augsburg<\/td><td>G\u00f6ttliche Liturgie<\/td><\/tr><tr><td>11.04.2026<\/td><td>10:00Uhr<\/td><td>St. Sebastian Augsburg<\/td><td>G\u00f6ttliche Liturgie zum lichten Samstag<\/td><\/tr><tr><td><strong><mark style=\"background-color:rgba(0, 0, 0, 0)\" class=\"has-inline-color has-vivid-red-color\">NEU!!<\/mark><\/strong>09.05.2026<\/td><td>18:00Uhr<\/td><td>St. Markus Wei\u00dfensberg<\/td><td>G\u00f6ttliche Liturgie <strong><mark style=\"background-color:rgba(0, 0, 0, 0)\" class=\"has-inline-color has-vivid-red-color\">NEU!!!<\/mark><\/strong><\/td><\/tr><tr><td>13.06.2026<\/td><td>10:00Uhr<\/td><td> St. Sebastian Augsburg <\/td><td>G\u00f6ttliche Liturgie<\/td><\/tr><tr><td>18.07.2026<\/td><td>10:00Uhr<\/td><td>St. Sebastian Augsburg<\/td><td>G\u00f6ttliche Liturgie<\/td><\/tr><tr><td>19.09.2026<\/td><td>10:00Uhr<\/td><td>St. Sebastian Augsburg<\/td><td>G\u00f6ttliche Liturgie<\/td><\/tr><\/tbody><\/table><\/figure>\n","protected":false},"excerpt":{"rendered":"<p>wer \/ wann \/ wo Datum Uhrzeit Ort Art 17.01.2026 18:00Uhr St. Sebastian Augsburg G\u00f6ttliche Liturgie 21.02.2026 10:00Uhr St. Sebastian Augsburg G\u00f6ttliche Liturgie 21.03.2026 10:00Uhr St. Sebastian Augsburg G\u00f6ttliche Liturgie 11.04.2026 10:00Uhr St. Sebastian Augsburg G\u00f6ttliche Liturgie zum lichten Samstag NEU!!09.05.2026 18:00Uhr St. Markus Wei\u00dfensberg G\u00f6ttliche Liturgie NEU!!! 13.06.2026 10:00Uhr St. Sebastian Augsburg G\u00f6ttliche Liturgie &hellip; <\/p>\n<p class=\"link-more\"><a href=\"https:\/\/nikolauschor.de\/?page_id=4\" class=\"more-link\"><span class=\"screen-reader-text\">\u201eTermine\u201c<\/span> weiterlesen<\/a><\/p>\n","protected":false},"author":1,"featured_media":6,"parent":0,"menu_order":0,"comment_status":"closed","ping_status":"closed","template":"","meta":{"footnotes":""},"class_list":["post-4","page","type-page","status-publish","has-post-thumbnail","hentry"],"_links":{"self":[{"href":"https:\/\/nikolauschor.de\/index.php?rest_route=\/wp\/v2\/pages\/4","targetHints":{"allow":["GET"]}}],"collection":[{"href":"https:\/\/nikolauschor.de\/index.php?rest_route=\/wp\/v2\/pages"}],"about":[{"href":"https:\/\/nikolauschor.de\/index.php?rest_route=\/wp\/v2\/types\/page"}],"author":[{"embeddable":true,"href":"https:\/\/nikolauschor.de\/index.php?rest_route=\/wp\/v2\/users\/1"}],"replies":[{"embeddable":true,"href":"https:\/\/nikolauschor.de\/index.php?rest_route=%2Fwp%2Fv2%2Fcomments&post=4"}],"version-history":[{"count":18,"href":"https:\/\/nikolauschor.de\/index.php?rest_route=\/wp\/v2\/pages\/4\/revisions"}],"predecessor-version":[{"id":166,"href":"https:\/\/nikolauschor.de\/index.php?rest_route=\/wp\/v2\/pages\/4\/revisions\/166"}],"wp:featuredmedia":[{"embeddable":true,"href":"https:\/\/nikolauschor.de\/index.php?rest_route=\/wp\/v2\/media\/6"}],"wp:attachment":[{"href":"https:\/\/nikolauschor.de\/index.php?rest_route=%2Fwp%2Fv2%2Fmedia&parent=4"}],"curies":[{"name":"wp","href":"https:\/\/api.w.org\/{rel}","templated":true}]}}